{"id":723,"date":"2019-04-12T12:39:01","date_gmt":"2019-04-12T12:39:01","guid":{"rendered":"https:\/\/www.brasserielafayette.es\/sobre-nosotros\/"},"modified":"2019-04-24T18:33:31","modified_gmt":"2019-04-24T16:33:31","slug":"about-us","status":"publish","type":"page","link":"https:\/\/www.brasserielafayette.es\/en\/about-us\/","title":{"rendered":"About us"},"content":{"rendered":"<div class=\"wpb-content-wrapper\"><p>[vc_row full_width=&#8221;stretch_row_content_no_spaces&#8221; full_height=&#8221;yes&#8221; css=&#8221;.vc_custom_1555318355895{background-image: url(https:\/\/www.brasserielafayette.es\/wp-content\/uploads\/2019\/04\/fons1.jpg?id=471) !important;background-position: center !important;background-repeat: no-repeat !important;background-size: cover !important;}&#8221;][vc_column][vc_row_inner equal_height=&#8221;yes&#8221; content_placement=&#8221;middle&#8221; css=&#8221;.vc_custom_1555321275256{margin-top: 100px !important;}&#8221;][vc_column_inner width=&#8221;1\/2&#8243;][vc_column_text el_class=&#8221;titol_pag&#8221; css=&#8221;.vc_custom_1556123583111{margin-left: 50px !important;}&#8221;]<span style=\"color: #ffffff; padding-bottom: 10px;\">About us<\/span><br \/>\n<span class=\"ratlla\">_____<\/span>[\/vc_column_text][\/vc_column_inner][vc_column_inner width=&#8221;1\/2&#8243;][vc_column_text css=&#8221;.vc_custom_1556095701278{margin-top: 50px !important;margin-right: 50px !important;margin-bottom: 50px !important;margin-left: 50px !important;padding-top: 40px !important;padding-right: 20px !important;padding-bottom: 40px !important;padding-left: 20px !important;background-color: rgba(10,10,10,0.71) !important;*background-color: rgb(10,10,10) !important;}&#8221; el_class=&#8221;text_interior&#8221;]<\/p>\n<p style=\"text-align: center;\"><span style=\"color: #ffffff;\">You could say that a <em>tr\u00e8s petit <\/em>part of our story started in 1757, when one of the key figures of the American War of Independence and French Revolution was born: General LaFayette, a name steeped in tradition and history. Just like Madrid, the city where you can find our restaurant.<\/span><\/p>\n<p style=\"text-align: center;\"><span style=\"color: #ffffff;\">We like to say that LaFayette is a French brasserie that isn\u2019t only for the French because we love our country\u2019s cuisine but we\u2019re also in love with this city and the people that live in it.<\/span><\/p>\n<p>[\/vc_column_text][\/vc_column_inner][\/vc_row_inner][\/vc_column][\/vc_row][vc_row full_width=&#8221;stretch_row_content_no_spaces&#8221; full_height=&#8221;yes&#8221; css=&#8221;.vc_custom_1555073733048{background-image: url(https:\/\/www.brasserielafayette.es\/wp-content\/uploads\/2019\/04\/fons2.jpg?id=475) !important;background-position: center !important;background-repeat: no-repeat !important;background-size: cover !important;}&#8221;][vc_column][vc_row_inner][vc_column_inner width=&#8221;1\/2&#8243;][vc_column_text css=&#8221;.vc_custom_1556095799000{margin-top: 50px !important;margin-right: 50px !important;margin-bottom: 50px !important;margin-left: 50px !important;padding-top: 40px !important;padding-right: 20px !important;padding-bottom: 40px !important;padding-left: 20px !important;background-color: rgba(10,10,10,0.71) !important;*background-color: rgb(10,10,10) !important;}&#8221; el_class=&#8221;text_interior&#8221;]<\/p>\n<p style=\"text-align: center;\"><span style=\"color: #ffffff;\">LaFayette is a kaleidoscope of different sensations that magically come together and <em>voil\u00e0<\/em>! They create something tremendous. LaFayette is <em>magnifique <\/em>in every bite &#8211; \u201cmacnific\u201d for friends &#8211; it\u2019s a toast with a backdrop of smiles or a <em>merci <\/em>with a heavy local accent when we bid farewell.<\/span><\/p>\n<p style=\"text-align: center;\"><span style=\"color: #ffffff;\">We opened our doors in 2018 with our particular General LaFayette, Sebastien Leparoux, as the heart and soul of the lounge and kitchen. He wants to offer the best classic cuisine in the world \u2013 French \u2013 and we said yep, that\u2019s fine, but don\u2019t overdo it <em>\u00e0 la fran\u00e7aise.<\/em><\/span><\/p>\n<p style=\"text-align: center;\"><span style=\"color: #ffffff;\">At the end of the day, this is Madrid.<\/span><\/p>\n<p>[\/vc_column_text][\/vc_column_inner][vc_column_inner width=&#8221;1\/2&#8243;][\/vc_column_inner][\/vc_row_inner][\/vc_column][\/vc_row]<\/p>\n<\/div>","protected":false},"excerpt":{"rendered":"<p>[vc_row full_width=&#8221;stretch_row_content_no_spaces&#8221; full_height=&#8221;yes&#8221; css=&#8221;.vc_custom_1555318355895{background-image: url(https:\/\/www.brasserielafayette.es\/wp-content\/uploads\/2019\/04\/fons1.jpg?id=471) !important;background-position: center !important;background-repeat: no-repeat !important;background-size: cover !important;}&#8221;][vc_column][vc_row_inner equal_height=&#8221;yes&#8221; content_placement=&#8221;middle&#8221; css=&#8221;.vc_custom_1555321275256{margin-top: 100px !important;}&#8221;][vc_column_inner width=&#8221;1\/2&#8243;][vc_column_text el_class=&#8221;titol_pag&#8221; css=&#8221;.vc_custom_1556123583111{margin-left: 50px !important;}&#8221;]About us _____[\/vc_column_text][\/vc_column_inner][vc_column_inner width=&#8221;1\/2&#8243;][vc_column_text css=&#8221;.vc_custom_1556095701278{margin-top: 50px !important;margin-right: 50px !important;margin-bottom: 50px !important;margin-left: 50px !important;padding-top: 40px !important;padding-right: 20px !important;padding-bottom: 40px !important;padding-left: 20px !important;background-color: rgba(10,10,10,0.71) !important;*background-color: rgb(10,10,10) !important;}&#8221; el_class=&#8221;text_interior&#8221;] You could say that a tr\u00e8s petit part [&hellip;]<\/p>\n","protected":false},"author":7,"featured_media":0,"parent":0,"menu_order":0,"comment_status":"closed","ping_status":"closed","template":"template-page.php","meta":{"footnotes":""},"class_list":["post-723","page","type-page","status-publish","hentry"],"yoast_head":"<title>Esta es nuestra historia \u27bc \u2774Brasserie Lafayette\u2775<\/title>\n<meta name=\"description\" content=\"Podr\u00edamos decir que un pedacito -tr\u00e8s petit- de nuestra historia empieza en 1757, cuando nace el que ser\u00e1 figura clave en la...\" \/>\n<meta name=\"robots\" content=\"index, follow, max-snippet:-1, max-image-preview:large, max-video-preview:-1\" \/>\n<link rel=\"canonical\" href=\"https:\/\/www.brasserielafayette.es\/sobre-nosotros\/\" \/>\n<meta property=\"og:locale\" content=\"en_US\" \/>\n<meta property=\"og:type\" content=\"article\" \/>\n<meta property=\"og:title\" content=\"Esta es nuestra historia \u27bc \u2774Brasserie Lafayette\u2775\" \/>\n<meta property=\"og:description\" content=\"Podr\u00edamos decir que un pedacito -tr\u00e8s petit- de nuestra historia empieza en 1757, cuando nace el que ser\u00e1 figura clave en la...\" \/>\n<meta property=\"og:url\" content=\"https:\/\/www.brasserielafayette.es\/sobre-nosotros\/\" \/>\n<meta property=\"og:site_name\" content=\"Brasserie Lafayette\" \/>\n<meta property=\"article:modified_time\" content=\"2019-04-24T16:33:31+00:00\" \/>\n<meta name=\"twitter:card\" content=\"summary_large_image\" \/>\n<meta name=\"twitter:label1\" content=\"Est. reading time\" \/>\n\t<meta name=\"twitter:data1\" content=\"2 minutes\" \/>\n<script type=\"application\/ld+json\" class=\"yoast-schema-graph\">{\"@context\":\"https:\\\/\\\/schema.org\",\"@graph\":[{\"@type\":\"WebPage\",\"@id\":\"https:\\\/\\\/www.brasserielafayette.es\\\/sobre-nosotros\\\/\",\"url\":\"https:\\\/\\\/www.brasserielafayette.es\\\/sobre-nosotros\\\/\",\"name\":\"Esta es nuestra historia \u27bc \u2774Brasserie Lafayette\u2775\",\"isPartOf\":{\"@id\":\"https:\\\/\\\/www.brasserielafayette.es\\\/#website\"},\"datePublished\":\"2019-04-12T12:39:01+00:00\",\"dateModified\":\"2019-04-24T16:33:31+00:00\",\"description\":\"Podr\u00edamos decir que un pedacito -tr\u00e8s petit- de nuestra historia empieza en 1757, cuando nace el que ser\u00e1 figura clave en la...\",\"breadcrumb\":{\"@id\":\"https:\\\/\\\/www.brasserielafayette.es\\\/sobre-nosotros\\\/#breadcrumb\"},\"inLanguage\":\"en-US\",\"potentialAction\":[{\"@type\":\"ReadAction\",\"target\":[\"https:\\\/\\\/www.brasserielafayette.es\\\/sobre-nosotros\\\/\"]}]},{\"@type\":\"BreadcrumbList\",\"@id\":\"https:\\\/\\\/www.brasserielafayette.es\\\/sobre-nosotros\\\/#breadcrumb\",\"itemListElement\":[{\"@type\":\"ListItem\",\"position\":1,\"name\":\"Restaurante Frances Madrid\",\"item\":\"https:\\\/\\\/www.brasserielafayette.es\\\/en\\\/\"},{\"@type\":\"ListItem\",\"position\":2,\"name\":\"About us\"}]},{\"@type\":\"WebSite\",\"@id\":\"https:\\\/\\\/www.brasserielafayette.es\\\/#website\",\"url\":\"https:\\\/\\\/www.brasserielafayette.es\\\/\",\"name\":\"Brasserie Lafayette\",\"description\":\"Una Brasserie Francesa no solo para franceses\",\"publisher\":{\"@id\":\"https:\\\/\\\/www.brasserielafayette.es\\\/#organization\"},\"potentialAction\":[{\"@type\":\"SearchAction\",\"target\":{\"@type\":\"EntryPoint\",\"urlTemplate\":\"https:\\\/\\\/www.brasserielafayette.es\\\/?s={search_term_string}\"},\"query-input\":{\"@type\":\"PropertyValueSpecification\",\"valueRequired\":true,\"valueName\":\"search_term_string\"}}],\"inLanguage\":\"en-US\"},{\"@type\":\"Organization\",\"@id\":\"https:\\\/\\\/www.brasserielafayette.es\\\/#organization\",\"name\":\"Lafayette\",\"url\":\"https:\\\/\\\/www.brasserielafayette.es\\\/\",\"logo\":{\"@type\":\"ImageObject\",\"inLanguage\":\"en-US\",\"@id\":\"https:\\\/\\\/www.brasserielafayette.es\\\/#\\\/schema\\\/logo\\\/image\\\/\",\"url\":\"https:\\\/\\\/www.brasserielafayette.es\\\/wp-content\\\/uploads\\\/2019\\\/04\\\/lafayette-favicon.jpg\",\"contentUrl\":\"https:\\\/\\\/www.brasserielafayette.es\\\/wp-content\\\/uploads\\\/2019\\\/04\\\/lafayette-favicon.jpg\",\"width\":64,\"height\":64,\"caption\":\"Lafayette\"},\"image\":{\"@id\":\"https:\\\/\\\/www.brasserielafayette.es\\\/#\\\/schema\\\/logo\\\/image\\\/\"}}]}<\/script>","yoast_head_json":{"title":"Esta es nuestra historia \u27bc \u2774Brasserie Lafayette\u2775","description":"Podr\u00edamos decir que un pedacito -tr\u00e8s petit- de nuestra historia empieza en 1757, cuando nace el que ser\u00e1 figura clave en la...","robots":{"index":"index","follow":"follow","max-snippet":"max-snippet:-1","max-image-preview":"max-image-preview:large","max-video-preview":"max-video-preview:-1"},"canonical":"https:\/\/www.brasserielafayette.es\/sobre-nosotros\/","og_locale":"en_US","og_type":"article","og_title":"Esta es nuestra historia \u27bc \u2774Brasserie Lafayette\u2775","og_description":"Podr\u00edamos decir que un pedacito -tr\u00e8s petit- de nuestra historia empieza en 1757, cuando nace el que ser\u00e1 figura clave en la...","og_url":"https:\/\/www.brasserielafayette.es\/sobre-nosotros\/","og_site_name":"Brasserie Lafayette","article_modified_time":"2019-04-24T16:33:31+00:00","twitter_card":"summary_large_image","twitter_misc":{"Est. reading time":"2 minutes"},"schema":{"@context":"https:\/\/schema.org","@graph":[{"@type":"WebPage","@id":"https:\/\/www.brasserielafayette.es\/sobre-nosotros\/","url":"https:\/\/www.brasserielafayette.es\/sobre-nosotros\/","name":"Esta es nuestra historia \u27bc \u2774Brasserie Lafayette\u2775","isPartOf":{"@id":"https:\/\/www.brasserielafayette.es\/#website"},"datePublished":"2019-04-12T12:39:01+00:00","dateModified":"2019-04-24T16:33:31+00:00","description":"Podr\u00edamos decir que un pedacito -tr\u00e8s petit- de nuestra historia empieza en 1757, cuando nace el que ser\u00e1 figura clave en la...","breadcrumb":{"@id":"https:\/\/www.brasserielafayette.es\/sobre-nosotros\/#breadcrumb"},"inLanguage":"en-US","potentialAction":[{"@type":"ReadAction","target":["https:\/\/www.brasserielafayette.es\/sobre-nosotros\/"]}]},{"@type":"BreadcrumbList","@id":"https:\/\/www.brasserielafayette.es\/sobre-nosotros\/#breadcrumb","itemListElement":[{"@type":"ListItem","position":1,"name":"Restaurante Frances Madrid","item":"https:\/\/www.brasserielafayette.es\/en\/"},{"@type":"ListItem","position":2,"name":"About us"}]},{"@type":"WebSite","@id":"https:\/\/www.brasserielafayette.es\/#website","url":"https:\/\/www.brasserielafayette.es\/","name":"Brasserie Lafayette","description":"Una Brasserie Francesa no solo para franceses","publisher":{"@id":"https:\/\/www.brasserielafayette.es\/#organization"},"potentialAction":[{"@type":"SearchAction","target":{"@type":"EntryPoint","urlTemplate":"https:\/\/www.brasserielafayette.es\/?s={search_term_string}"},"query-input":{"@type":"PropertyValueSpecification","valueRequired":true,"valueName":"search_term_string"}}],"inLanguage":"en-US"},{"@type":"Organization","@id":"https:\/\/www.brasserielafayette.es\/#organization","name":"Lafayette","url":"https:\/\/www.brasserielafayette.es\/","logo":{"@type":"ImageObject","inLanguage":"en-US","@id":"https:\/\/www.brasserielafayette.es\/#\/schema\/logo\/image\/","url":"https:\/\/www.brasserielafayette.es\/wp-content\/uploads\/2019\/04\/lafayette-favicon.jpg","contentUrl":"https:\/\/www.brasserielafayette.es\/wp-content\/uploads\/2019\/04\/lafayette-favicon.jpg","width":64,"height":64,"caption":"Lafayette"},"image":{"@id":"https:\/\/www.brasserielafayette.es\/#\/schema\/logo\/image\/"}}]}},"_links":{"self":[{"href":"https:\/\/www.brasserielafayette.es\/en\/wp-json\/wp\/v2\/pages\/723","targetHints":{"allow":["GET"]}}],"collection":[{"href":"https:\/\/www.brasserielafayette.es\/en\/wp-json\/wp\/v2\/pages"}],"about":[{"href":"https:\/\/www.brasserielafayette.es\/en\/wp-json\/wp\/v2\/types\/page"}],"author":[{"embeddable":true,"href":"https:\/\/www.brasserielafayette.es\/en\/wp-json\/wp\/v2\/users\/7"}],"replies":[{"embeddable":true,"href":"https:\/\/www.brasserielafayette.es\/en\/wp-json\/wp\/v2\/comments?post=723"}],"version-history":[{"count":0,"href":"https:\/\/www.brasserielafayette.es\/en\/wp-json\/wp\/v2\/pages\/723\/revisions"}],"wp:attachment":[{"href":"https:\/\/www.brasserielafayette.es\/en\/wp-json\/wp\/v2\/media?parent=723"}],"curies":[{"name":"wp","href":"https:\/\/api.w.org\/{rel}","templated":true}]}}